{"id":2,"date":"2012-01-01T14:37:52","date_gmt":"2012-01-01T14:37:52","guid":{"rendered":"http:\/\/grosselternakademie.de\/page\/?page_id=2"},"modified":"2021-09-26T13:58:20","modified_gmt":"2021-09-26T12:58:20","slug":"sample-page","status":"publish","type":"page","link":"https:\/\/grosselternakademie.de\/page\/sample-page\/","title":{"rendered":"Herzlich Willkommen"},"content":{"rendered":"<h2>bei der Gro\u00dfelternAkademie!<\/h2>\n<p>Sch\u00f6n, dass Sie auf unseren Webseiten vorbeischauen. Hier finden Sie viele Denkanst\u00f6sse zum Thema Gro\u00dfelternschaft. Seit wann gibt es die Rolle der Gro\u00dfeltern? Wie gelingt die Balance zwischen einem selbstbestimmten Leben und einem Einbringen f\u00fcr die Kinder und Enkelkinder? Was sollten Gro\u00dfeltern leisten und wo liegen die Gefahren der Vereinnahmung? Miteinander, f\u00fcreinander und voneinander sind Attribute eines guten Beziehungsgeflechtes. Voneinander lernen &#8211; ein gegenseitiges Geben und Nehmen ist weise. Was ist, wenn Gro\u00dfeltern der Zugang zu ihren Enkeln verwehrt wird? Was ist die Bestimmung f\u00fcr Oma und Opa von heute?<\/p>\n<p>Die Edition Gro\u00dfelternAkademie zeigt Ihnen unsere Publikationen auf. Au\u00dferdem sind wir bei Twitter und facebook unterwegs und haben zwei Youtubekan\u00e4le. Lassen Sie sich \u00fcberraschen.<br \/>\nAuf unseren Webseiten finden Sie zahlreiche Impulse, die Ihnen gut tun werden.<\/p>\n<p>&nbsp;<\/p>\n<p>&nbsp;<\/p>\n","protected":false},"excerpt":{"rendered":"<p>bei der Gro\u00dfelternAkademie! Sch\u00f6n, dass Sie auf unseren Webseiten vorbeischauen. Hier finden Sie viele Denkanst\u00f6sse zum Thema Gro\u00dfelternschaft. Seit wann gibt es die Rolle der Gro\u00dfeltern? Wie gelingt die Balance zwischen einem selbstbestimmten Leben und einem Einbringen f\u00fcr die Kinder und Enkelkinder? Was sollten Gro\u00dfeltern leisten und wo liegen die Gefahren der Vereinnahmung? Miteinander, f\u00fcreinander &hellip; <a href=\"https:\/\/grosselternakademie.de\/page\/sample-page\/\">Weiterlesen <span class=\"meta-nav\">&rarr;<\/span><\/a><\/p>\n","protected":false},"author":2,"featured_media":0,"parent":0,"menu_order":0,"comment_status":"closed","ping_status":"closed","template":"","meta":[],"_links":{"self":[{"href":"https:\/\/grosselternakademie.de\/page\/wp-json\/wp\/v2\/pages\/2"}],"collection":[{"href":"https:\/\/grosselternakademie.de\/page\/wp-json\/wp\/v2\/pages"}],"about":[{"href":"https:\/\/grosselternakademie.de\/page\/wp-json\/wp\/v2\/types\/page"}],"author":[{"embeddable":true,"href":"https:\/\/grosselternakademie.de\/page\/wp-json\/wp\/v2\/users\/2"}],"replies":[{"embeddable":true,"href":"https:\/\/grosselternakademie.de\/page\/wp-json\/wp\/v2\/comments?post=2"}],"version-history":[{"count":13,"href":"https:\/\/grosselternakademie.de\/page\/wp-json\/wp\/v2\/pages\/2\/revisions"}],"predecessor-version":[{"id":1367,"href":"https:\/\/grosselternakademie.de\/page\/wp-json\/wp\/v2\/pages\/2\/revisions\/1367"}],"wp:attachment":[{"href":"https:\/\/grosselternakademie.de\/page\/wp-json\/wp\/v2\/media?parent=2"}],"curies":[{"name":"wp","href":"https:\/\/api.w.org\/{rel}","templated":true}]}}